{"id":755,"date":"2018-06-05T12:49:13","date_gmt":"2018-06-05T12:49:13","guid":{"rendered":"https:\/\/foton.qodeinteractive.com\/elementor\/?page_id=755"},"modified":"2022-04-28T12:57:24","modified_gmt":"2022-04-28T12:57:24","slug":"about-us","status":"publish","type":"page","link":"https:\/\/4tech-it.de\/de\/about-us\/","title":{"rendered":"\u00dcber uns"},"content":{"rendered":"<div data-elementor-type=\"wp-page\" data-elementor-id=\"755\" class=\"elementor elementor-755\">\n\t\t\t\t\t\t<section class=\"elementor-section elementor-top-section elementor-element elementor-element-a130dc3 elementor-section-full_width elementor-section-height-default elementor-section-height-default mkdf-parallax-row-no mkdf-row-grid-no mkdf-disabled-bg-image-bellow-no\" data-id=\"a130dc3\" data-element_type=\"section\" data-settings=\"{&quot;background_background&quot;:&quot;classic&quot;}\">\n\t\t\t\t\t\t<div class=\"elementor-container elementor-column-gap-default\">\n\t\t\t\t\t<div class=\"elementor-column elementor-col-100 elementor-top-column elementor-element elementor-element-385fbec\" data-id=\"385fbec\" data-element_type=\"column\">\n\t\t\t<div class=\"elementor-widget-wrap elementor-element-populated\">\n\t\t\t\t\t\t<section class=\"elementor-section elementor-inner-section elementor-element elementor-element-f1a25f8 elementor-section-full_width mkdf-row-grid-section elementor-section-height-default elementor-section-height-default mkdf-parallax-row-no mkdf-disabled-bg-image-bellow-no\" data-id=\"f1a25f8\" data-element_type=\"section\">\n\t\t\t\t\t\t<div class=\"elementor-container elementor-column-gap-default\">\n\t\t\t\t\t<div class=\"elementor-column elementor-col-100 elementor-inner-column elementor-element elementor-element-82a52a9\" data-id=\"82a52a9\" data-element_type=\"column\">\n\t\t\t<div class=\"elementor-widget-wrap elementor-element-populated\">\n\t\t\t\t\t\t<div class=\"elementor-element elementor-element-6041227 elementor-widget elementor-widget-mkdf_elementor_section_title\" data-id=\"6041227\" data-element_type=\"widget\" data-widget_type=\"mkdf_elementor_section_title.default\">\n\t\t\t\t<div class=\"elementor-widget-container\">\n\t\t\t\t\t<div class=\"mkdf-section-title-holder  mkdf-st-standard mkdf-st-title-left mkdf-st-normal-space\" >\n\t<div class=\"mkdf-st-inner\">\n\t\t\t\t\t<h2 class=\"mkdf-st-title\" >\n\t\t\t\t\u00dcber uns\t\t\t<\/h2>\n\t\t\t\t\t\t\t<p class=\"mkdf-st-text\" style=\"font-size: 20px;line-height: 33px\">\n\t\t\t\tWir lieben was wir tun und unsere Arbeit inspiriert uns. Unsere Leidenschaft kombiniert mit den sich st\u00e4ndig weiterentwickelnden Bed\u00fcrfnissen unserer Kunden sorgt f\u00fcr Transformation durch Innovation.\t\t\t<\/p>\n\t\t\t<\/div>\n<\/div>\t\t\t\t<\/div>\n\t\t\t\t<\/div>\n\t\t\t\t\t<\/div>\n\t\t<\/div>\n\t\t\t\t<div class=\"elementor-column elementor-col-100 elementor-inner-column elementor-element elementor-element-f5ae5ae\" data-id=\"f5ae5ae\" data-element_type=\"column\" data-settings=\"{&quot;animation&quot;:&quot;none&quot;}\">\n\t\t\t<div class=\"elementor-widget-wrap elementor-element-populated\">\n\t\t\t\t\t\t<div class=\"elementor-element elementor-element-aee485f elementor-widget elementor-widget-mkdf_elementor_single_image\" data-id=\"aee485f\" data-element_type=\"widget\" data-widget_type=\"mkdf_elementor_single_image.default\">\n\t\t\t\t<div class=\"elementor-widget-container\">\n\t\t\t\t\t<div class=\"mkdf-single-image-holder\">\n    <div class=\"mkdf-si-inner\" >\n                                    <img fetchpriority=\"high\" decoding=\"async\" width=\"1183\" height=\"674\" src=\"https:\/\/4tech-it.de\/wp-content\/uploads\/2018\/06\/aboutus-img0.png\" class=\"attachment-full size-full\" alt=\"f\" srcset=\"https:\/\/4tech-it.de\/wp-content\/uploads\/2018\/06\/aboutus-img0.png 1183w, https:\/\/4tech-it.de\/wp-content\/uploads\/2018\/06\/aboutus-img0-300x171.png 300w, https:\/\/4tech-it.de\/wp-content\/uploads\/2018\/06\/aboutus-img0-1024x583.png 1024w, https:\/\/4tech-it.de\/wp-content\/uploads\/2018\/06\/aboutus-img0-768x438.png 768w, https:\/\/4tech-it.de\/wp-content\/uploads\/2018\/06\/aboutus-img0-600x342.png 600w\" sizes=\"(max-width: 1183px) 100vw, 1183px\" \/>                        <\/div>\n<\/div>\t\t\t\t<\/div>\n\t\t\t\t<\/div>\n\t\t\t\t\t<\/div>\n\t\t<\/div>\n\t\t\t\t\t<\/div>\n\t\t<\/section>\n\t\t\t\t\t<\/div>\n\t\t<\/div>\n\t\t\t\t\t<\/div>\n\t\t<\/section>\n\t\t\t\t<section class=\"elementor-section elementor-top-section elementor-element elementor-element-fb66efe elementor-section-full_width mkdf-row-grid-section elementor-section-height-default elementor-section-height-default mkdf-parallax-row-no mkdf-disabled-bg-image-bellow-no\" data-id=\"fb66efe\" data-element_type=\"section\">\n\t\t\t\t\t\t<div class=\"elementor-container elementor-column-gap-default\">\n\t\t\t\t\t<div class=\"elementor-column elementor-col-100 elementor-top-column elementor-element elementor-element-00a8618\" data-id=\"00a8618\" data-element_type=\"column\">\n\t\t\t<div class=\"elementor-widget-wrap elementor-element-populated\">\n\t\t\t\t\t\t<div class=\"elementor-element elementor-element-60685d3 elementor-widget elementor-widget-text-editor\" data-id=\"60685d3\" data-element_type=\"widget\" data-widget_type=\"text-editor.default\">\n\t\t\t\t<div class=\"elementor-widget-container\">\n\t\t\t\t\t\t\t\t\t<h3 class=\"heading heading--bold\" style=\"text-align: center;\">Warum wir<\/h3>\t\t\t\t\t\t\t\t<\/div>\n\t\t\t\t<\/div>\n\t\t\t\t\t<\/div>\n\t\t<\/div>\n\t\t\t\t\t<\/div>\n\t\t<\/section>\n\t\t\t\t<section class=\"elementor-section elementor-top-section elementor-element elementor-element-3907b13 elementor-section-full_width mkdf-row-grid-section elementor-section-height-default elementor-section-height-default mkdf-parallax-row-no mkdf-disabled-bg-image-bellow-no\" data-id=\"3907b13\" data-element_type=\"section\">\n\t\t\t\t\t\t<div class=\"elementor-container elementor-column-gap-default\">\n\t\t\t\t\t<div class=\"elementor-column elementor-col-33 elementor-top-column elementor-element elementor-element-cc9bae6\" data-id=\"cc9bae6\" data-element_type=\"column\">\n\t\t\t<div class=\"elementor-widget-wrap elementor-element-populated\">\n\t\t\t\t\t\t<div class=\"elementor-element elementor-element-b3c2e68 elementor-widget elementor-widget-mkdf_elementor_icon_with_text\" data-id=\"b3c2e68\" data-element_type=\"widget\" data-widget_type=\"mkdf_elementor_icon_with_text.default\">\n\t\t\t\t<div class=\"elementor-widget-container\">\n\t\t\t\t\t<div class=\"mkdf-iwt\">\n    <div class=\"mkdf-iwt-inner clearfix  mkdf-iwt-icon-top mkdf-iwt-icon-medium\" >\n        <div class=\"mkdf-iwt-icon\">\n                            <a itemprop=\"url\" href=\"#\" target=\"_self\">\n                                                <img decoding=\"async\" width=\"55\" height=\"69\" src=\"https:\/\/4tech-it.de\/wp-content\/uploads\/2022\/04\/Group-21.png\" class=\"attachment-full size-full\" alt=\"s\" \/>                                                                    <\/a>\n                    <\/div>\n        <div class=\"mkdf-iwt-content\" style=\"padding-bottom: 21px\">\n                            <h4 class=\"mkdf-iwt-title\" style=\"margin-top: 28px\">\n                                            <a itemprop=\"url\" href=\"#\" target=\"_self\">\n                                        <span class=\"mkdf-iwt-title-text\">One-Stop-L\u00f6sung<\/span>\n                                            <\/a>\n                                    <\/h4>\n                                        <p class=\"mkdf-iwt-text\" style=\"margin-top: 9px\">Lassen Sie uns wissen, wie wir helfen k\u00f6nnen! Kontaktieren Sie uns und wir geben Ihnen eine neue Perspektive auf Ihr Unternehmen.<\/p>\n                    <\/div>\n    <\/div>\n<\/div>\t\t\t\t<\/div>\n\t\t\t\t<\/div>\n\t\t\t\t\t<\/div>\n\t\t<\/div>\n\t\t\t\t<div class=\"elementor-column elementor-col-33 elementor-top-column elementor-element elementor-element-836b49f\" data-id=\"836b49f\" data-element_type=\"column\">\n\t\t\t<div class=\"elementor-widget-wrap elementor-element-populated\">\n\t\t\t\t\t\t<div class=\"elementor-element elementor-element-e9bae3b elementor-widget elementor-widget-mkdf_elementor_icon_with_text\" data-id=\"e9bae3b\" data-element_type=\"widget\" data-widget_type=\"mkdf_elementor_icon_with_text.default\">\n\t\t\t\t<div class=\"elementor-widget-container\">\n\t\t\t\t\t<div class=\"mkdf-iwt\">\n    <div class=\"mkdf-iwt-inner clearfix  mkdf-iwt-icon-top mkdf-iwt-icon-medium\" >\n        <div class=\"mkdf-iwt-icon\">\n                            <a itemprop=\"url\" href=\"#\" target=\"_self\">\n                                                <img decoding=\"async\" width=\"55\" height=\"69\" src=\"https:\/\/4tech-it.de\/wp-content\/uploads\/2022\/04\/Group-20.png\" class=\"attachment-full size-full\" alt=\"c\" \/>                                                                    <\/a>\n                    <\/div>\n        <div class=\"mkdf-iwt-content\" style=\"padding-bottom: 21px\">\n                            <h4 class=\"mkdf-iwt-title\" style=\"margin-top: 28px\">\n                                            <a itemprop=\"url\" href=\"#\" target=\"_self\">\n                                        <span class=\"mkdf-iwt-title-text\">Kundenorientierung<\/span>\n                                            <\/a>\n                                    <\/h4>\n                                        <p class=\"mkdf-iwt-text\" style=\"margin-top: 9px\">Nach einer gemeinsamen Bewertung werden wir Ihre gesch\u00e4ftlichen Probleme und Bed\u00fcrfnisse co-kreativ untersuchen.<\/p>\n                    <\/div>\n    <\/div>\n<\/div>\t\t\t\t<\/div>\n\t\t\t\t<\/div>\n\t\t\t\t\t<\/div>\n\t\t<\/div>\n\t\t\t\t<div class=\"elementor-column elementor-col-33 elementor-top-column elementor-element elementor-element-d15a2f7\" data-id=\"d15a2f7\" data-element_type=\"column\">\n\t\t\t<div class=\"elementor-widget-wrap elementor-element-populated\">\n\t\t\t\t\t\t<div class=\"elementor-element elementor-element-c07351f elementor-widget elementor-widget-mkdf_elementor_icon_with_text\" data-id=\"c07351f\" data-element_type=\"widget\" data-widget_type=\"mkdf_elementor_icon_with_text.default\">\n\t\t\t\t<div class=\"elementor-widget-container\">\n\t\t\t\t\t<div class=\"mkdf-iwt\">\n    <div class=\"mkdf-iwt-inner clearfix  mkdf-iwt-icon-top mkdf-iwt-icon-medium\" >\n        <div class=\"mkdf-iwt-icon\">\n                            <a itemprop=\"url\" href=\"#\" target=\"_self\">\n                                                <img loading=\"lazy\" decoding=\"async\" width=\"69\" height=\"50\" src=\"https:\/\/4tech-it.de\/wp-content\/uploads\/2022\/04\/Vector-8.png\" class=\"attachment-full size-full\" alt=\"e\" \/>                                                                    <\/a>\n                    <\/div>\n        <div class=\"mkdf-iwt-content\" style=\"padding-bottom: 21px\">\n                            <h4 class=\"mkdf-iwt-title\" style=\"margin-top: 28px\">\n                                            <a itemprop=\"url\" href=\"#\" target=\"_self\">\n                                        <span class=\"mkdf-iwt-title-text\">Experten im Service<\/span>\n                                            <\/a>\n                                    <\/h4>\n                                        <p class=\"mkdf-iwt-text\" style=\"margin-top: 9px\">Unsere Technologieexperten und Ressourcen bieten au\u00dfergew\u00f6hnlichen Service und stellen sicher, dass jedes Projekt gem\u00e4\u00df den Anforderungen des Kunden durchgef\u00fchrt wird<\/p>\n                    <\/div>\n    <\/div>\n<\/div>\t\t\t\t<\/div>\n\t\t\t\t<\/div>\n\t\t\t\t\t<\/div>\n\t\t<\/div>\n\t\t\t\t\t<\/div>\n\t\t<\/section>\n\t\t\t\t<section class=\"elementor-section elementor-top-section elementor-element elementor-element-d36e803 elementor-section-full_width elementor-section-content-middle mkdf-row-grid-section elementor-section-height-default elementor-section-height-default mkdf-parallax-row-no mkdf-disabled-bg-image-bellow-no\" data-id=\"d36e803\" data-element_type=\"section\" data-settings=\"{&quot;background_background&quot;:&quot;classic&quot;}\">\n\t\t\t\t\t\t<div class=\"elementor-container elementor-column-gap-default\">\n\t\t\t\t\t<div class=\"elementor-column elementor-col-33 elementor-top-column elementor-element elementor-element-5c1aca3\" data-id=\"5c1aca3\" data-element_type=\"column\">\n\t\t\t<div class=\"elementor-widget-wrap elementor-element-populated\">\n\t\t\t\t\t\t<div class=\"elementor-element elementor-element-58ac58c elementor-widget elementor-widget-mkdf_elementor_section_title\" data-id=\"58ac58c\" data-element_type=\"widget\" data-widget_type=\"mkdf_elementor_section_title.default\">\n\t\t\t\t<div class=\"elementor-widget-container\">\n\t\t\t\t\t<div class=\"mkdf-section-title-holder  mkdf-st-standard mkdf-st-title-left mkdf-st-normal-space\" style=\"text-align: left\">\n\t<div class=\"mkdf-st-inner\">\n\t\t\t\t\t<h3 class=\"mkdf-st-title\" >\n\t\t\t\tW\u00e4hlen Sie uns\t\t\t<\/h3>\n\t\t\t\t\t\t\t<p class=\"mkdf-st-text\" style=\"font-size: 20px;line-height: 33px\">\n\t\t\t\tLassen Sie uns Ihr Problem aus den H\u00e4nden nehmen, damit Sie sich auf das konzentrieren k\u00f6nnen, was wirklich z\u00e4hlt - ein effizientes Unternehmen zu f\u00fchren! \t\t\t<\/p>\n\t\t\t<\/div>\n<\/div>\t\t\t\t<\/div>\n\t\t\t\t<\/div>\n\t\t\t\t\t<\/div>\n\t\t<\/div>\n\t\t\t\t<div class=\"elementor-column elementor-col-66 elementor-top-column elementor-element elementor-element-957a050\" data-id=\"957a050\" data-element_type=\"column\">\n\t\t\t<div class=\"elementor-widget-wrap elementor-element-populated\">\n\t\t\t\t\t\t<div class=\"elementor-element elementor-element-84476b5 elementor-widget elementor-widget-mkdf_elementor_single_image\" data-id=\"84476b5\" data-element_type=\"widget\" data-widget_type=\"mkdf_elementor_single_image.default\">\n\t\t\t\t<div class=\"elementor-widget-container\">\n\t\t\t\t\t<div class=\"mkdf-single-image-holder\">\n    <div class=\"mkdf-si-inner\" >\n                                    <img loading=\"lazy\" decoding=\"async\" width=\"1150\" height=\"719\" src=\"https:\/\/4tech-it.de\/wp-content\/uploads\/2018\/06\/aboutus-img1.jpg\" class=\"attachment-full size-full\" alt=\"\" srcset=\"https:\/\/4tech-it.de\/wp-content\/uploads\/2018\/06\/aboutus-img1.jpg 1150w, https:\/\/4tech-it.de\/wp-content\/uploads\/2018\/06\/aboutus-img1-300x188.jpg 300w, https:\/\/4tech-it.de\/wp-content\/uploads\/2018\/06\/aboutus-img1-1024x640.jpg 1024w, https:\/\/4tech-it.de\/wp-content\/uploads\/2018\/06\/aboutus-img1-768x480.jpg 768w, https:\/\/4tech-it.de\/wp-content\/uploads\/2018\/06\/aboutus-img1-600x375.jpg 600w\" sizes=\"(max-width: 1150px) 100vw, 1150px\" \/>                        <\/div>\n<\/div>\t\t\t\t<\/div>\n\t\t\t\t<\/div>\n\t\t\t\t\t<\/div>\n\t\t<\/div>\n\t\t\t\t\t<\/div>\n\t\t<\/section>\n\t\t\t\t<section class=\"elementor-section elementor-top-section elementor-element elementor-element-684b68f8 elementor-section-full_width mkdf-row-grid-section elementor-section-content-middle elementor-section-height-default elementor-section-height-default mkdf-parallax-row-no mkdf-disabled-bg-image-bellow-no\" data-id=\"684b68f8\" data-element_type=\"section\">\n\t\t\t\t\t\t<div class=\"elementor-container elementor-column-gap-default\">\n\t\t\t\t\t<div class=\"elementor-column elementor-col-50 elementor-top-column elementor-element elementor-element-5b9a37f2\" data-id=\"5b9a37f2\" data-element_type=\"column\">\n\t\t\t<div class=\"elementor-widget-wrap elementor-element-populated\">\n\t\t\t\t\t\t<div class=\"elementor-element elementor-element-20eaa211 elementor-widget elementor-widget-mkdf_elementor_floating_images\" data-id=\"20eaa211\" data-element_type=\"widget\" data-widget_type=\"mkdf_elementor_floating_images.default\">\n\t\t\t\t<div class=\"elementor-widget-container\">\n\t\t\t\t\t<div class=\"mkdf-floating-images-holder mkdf-fi-left-aligned mkdf-fi-parallax\">\n    <div class=\"mkdf-fi-inner\">\n        <div class=\"mkdf-fi-image-holder mkdf-fi-main-image-holder\">\n            <div class=\"mkdf-fi-image-wrapper\" data-parallax=\"{&quot;y&quot;: -93, &quot;smoothness&quot;: 20}\">\n                <img decoding=\"async\" class=\"mkdf-fi-main-image\" \n                     \n                                        src=\"https:\/\/4tech-it.de\/wp-content\/uploads\/2022\/04\/Group-1-8.png\" \n                    alt=\"Home-image.jpg\" \/>\n            <\/div>\n        <\/div>\n        <div class=\"mkdf-fi-image-holder mkdf-fi-aux-image-holder\">\n            <div class=\"mkdf-fi-image-wrapper\" data-parallax=\"{&quot;y&quot;: -57, &quot;smoothness&quot;: 20}\">\n                <img decoding=\"async\" class=\"mkdf-fi-aux-image\" \n                    data-x=\"-90%\" \n                                        src=\"https:\/\/4tech-it.de\/wp-content\/uploads\/2018\/06\/home-2-img-9.jpg\" \n                    alt=\"home-2-img-9\" \/>\n            <\/div>\n        <\/div>\n                                <div class=\"mkdf-fi-image-overlay\" style=\"background-image: url();\" data-parallax=\"{&quot;y&quot;: -40, &quot;smoothness&quot;: 20}\"><\/div>\n            <\/div>\n<\/div>\n\t\t\t\t<\/div>\n\t\t\t\t<\/div>\n\t\t\t\t\t<\/div>\n\t\t<\/div>\n\t\t\t\t<div class=\"elementor-column elementor-col-50 elementor-top-column elementor-element elementor-element-689ffd2a\" data-id=\"689ffd2a\" data-element_type=\"column\">\n\t\t\t<div class=\"elementor-widget-wrap elementor-element-populated\">\n\t\t\t\t\t\t<div class=\"elementor-element elementor-element-2406573a elementor-widget elementor-widget-mkdf_elementor_section_title\" data-id=\"2406573a\" data-element_type=\"widget\" data-widget_type=\"mkdf_elementor_section_title.default\">\n\t\t\t\t<div class=\"elementor-widget-container\">\n\t\t\t\t\t<div class=\"mkdf-section-title-holder  mkdf-st-standard mkdf-st-title-left mkdf-st-normal-space\" >\n\t<div class=\"mkdf-st-inner\">\n\t\t\t\t\t<h3 class=\"mkdf-st-title\" >\n\t\t\t\tMission\t\t\t<\/h3>\n\t\t\t\t\t\t\t<p class=\"mkdf-st-text\" style=\"font-size: 20px;line-height: 31px;margin-top: 17px\">\n\t\t\t\tDie Mission von 4Tech Software ist es, die neuesten digitalen Technologien zu nutzen, um die Gesch\u00e4ftstransformation unserer Kunden voranzutreiben, was zu nachhaltigem langfristigem Wachstum f\u00fchrt.\t\t\t<\/p>\n\t\t\t<\/div>\n<\/div>\t\t\t\t<\/div>\n\t\t\t\t<\/div>\n\t\t\t\t\t<\/div>\n\t\t<\/div>\n\t\t\t\t\t<\/div>\n\t\t<\/section>\n\t\t\t\t<\/div>","protected":false},"excerpt":{"rendered":"<p>About us We love what we do and our work inspires us. Our passion combined with our clients\u2019 ever-evolving needs deliver transformation through innovation. Why us One-Stop Solution Let us know how we can help! Get in touch and we\u2019ll [&hellip;]<\/p>","protected":false},"author":1,"featured_media":0,"parent":0,"menu_order":0,"comment_status":"closed","ping_status":"closed","template":"full-width.php","meta":{"footnotes":""},"class_list":["post-755","page","type-page","status-publish","hentry"],"_links":{"self":[{"href":"https:\/\/4tech-it.de\/de\/wp-json\/wp\/v2\/pages\/755","targetHints":{"allow":["GET"]}}],"collection":[{"href":"https:\/\/4tech-it.de\/de\/wp-json\/wp\/v2\/pages"}],"about":[{"href":"https:\/\/4tech-it.de\/de\/wp-json\/wp\/v2\/types\/page"}],"author":[{"embeddable":true,"href":"https:\/\/4tech-it.de\/de\/wp-json\/wp\/v2\/users\/1"}],"replies":[{"embeddable":true,"href":"https:\/\/4tech-it.de\/de\/wp-json\/wp\/v2\/comments?post=755"}],"version-history":[{"count":42,"href":"https:\/\/4tech-it.de\/de\/wp-json\/wp\/v2\/pages\/755\/revisions"}],"predecessor-version":[{"id":14501,"href":"https:\/\/4tech-it.de\/de\/wp-json\/wp\/v2\/pages\/755\/revisions\/14501"}],"wp:attachment":[{"href":"https:\/\/4tech-it.de\/de\/wp-json\/wp\/v2\/media?parent=755"}],"curies":[{"name":"wp","href":"https:\/\/api.w.org\/{rel}","templated":true}]}}